{"id":2031,"date":"2022-10-02T09:14:05","date_gmt":"2022-10-02T08:14:05","guid":{"rendered":"https:\/\/cube.top\/?page_id=2031"},"modified":"2023-12-27T10:10:59","modified_gmt":"2023-12-27T09:10:59","slug":"mentions-legales","status":"publish","type":"page","link":"https:\/\/cube.top\/en\/mentions-legales\/","title":{"rendered":"Legal Notice"},"content":{"rendered":"<div data-elementor-type=\"wp-page\" data-elementor-id=\"2031\" class=\"elementor elementor-2031\">\n\t\t\t\t\t\t<section class=\"elementor-section elementor-top-section elementor-element elementor-element-1678fad elementor-section-boxed elementor-section-height-default elementor-section-height-default wpr-particle-no wpr-jarallax-no wpr-parallax-no wpr-sticky-section-no\" data-id=\"1678fad\" data-element_type=\"section\">\n\t\t\t\t\t\t<div class=\"elementor-container elementor-column-gap-default\">\n\t\t\t\t\t<div class=\"elementor-column elementor-col-100 elementor-top-column elementor-element elementor-element-82bcdc7\" data-id=\"82bcdc7\" data-element_type=\"column\">\n\t\t\t<div class=\"elementor-widget-wrap elementor-element-populated\">\n\t\t\t\t\t\t<div class=\"elementor-element elementor-element-d2ba68f elementor-widget elementor-widget-text-editor\" data-id=\"d2ba68f\" data-element_type=\"widget\" data-widget_type=\"text-editor.default\">\n\t\t\t\t<div class=\"elementor-widget-container\">\n\t\t\t\t\t\t\t\t\t<p><strong>Cube<\/strong> est une plateforme web d\u00e9tenue par la SA Cube.<\/p>\n<p><strong>General informations :<\/strong><br>Le site Cube est d\u00e9tenu par la Soci\u00e9t\u00e9 par Actions au capital de 100.000 euros Immatricul\u00e9e au RCS LU , domicili\u00e9e au (en cours ).<\/p>\n<p>Le num\u00e9ro de TVA Intracommunautaire est le suivant :&nbsp; (en cours )<\/p>\n<p><strong>Data Protection Act:<\/strong><br>SASU Cube has the permanent objective of protecting your data entered on its app.cube.top platform. Under no circumstances, without your written permission, will we release your information. This site has been declared to the CNIL In accordance with law n\u00b0 78-17 of January 6, 1978, relating to data processing, files and freedoms (known as the \u201cData Processing and Freedoms\u201d law).<\/p>\n<p>Vous disposez d&rsquo;un droit d&rsquo;acc\u00e8s, de modification, de rectification et de suppression des donn\u00e9es qui vous concernent. Pour exercer ce droit d&rsquo;acc\u00e8s, adressez-vous \u00e0 la SASU Cube situ\u00e9e au (en cours ).<\/p>\n<p><strong>Accommodation:<\/strong><br>The website is hosted by Hetzner, accessible at www. hetzner.com.<\/p>\n<p><strong>Copyright:<\/strong><br>L&rsquo;int\u00e9gralit\u00e9 du contenu diffus\u00e9 sur la plateforme Cube.top, ainsi que sur ses propres domaines, est int\u00e9gralement propri\u00e9t\u00e9 de la SAS Cube.<\/p>\n<p>If you have any additional questions or would like more information about our privacy policy, please do not hesitate to contact us by email at hello@cube.top<\/p>\t\t\t\t\t\t\t\t<\/div>\n\t\t\t\t<\/div>\n\t\t\t\t\t<\/div>\n\t\t<\/div>\n\t\t\t\t\t<\/div>\n\t\t<\/section>\n\t\t\t\t<\/div>","protected":false},"excerpt":{"rendered":"<p>Cube est une plateforme web d\u00e9tenue par la SA Cube. Informations g\u00e9n\u00e9rales :Le site Cube est d\u00e9tenu par la Soci\u00e9t\u00e9 par Actions au capital de 100.000 euros Immatricul\u00e9e au RCS LU , domicili\u00e9e au (en cours ). Le num\u00e9ro de TVA Intracommunautaire est le suivant :&nbsp; (en cours ) Loi informatique et libert\u00e9s :La SASU Cube a pour objectif permanent de prot\u00e9ger vos donn\u00e9es rentr\u00e9es sur sa plateforme app.cube.top. En aucun cas, sans votre autorisation \u00e9crite, nous ne diffuserons vos informations. Ce site a fait l&rsquo;objet d&rsquo;une d\u00e9claration \u00e0 la CNIL Conform\u00e9ment \u00e0 la loi n\u00b0 78-17 du 6 janvier 1978, relative \u00e0 l&rsquo;informatique, aux fichiers et aux libert\u00e9s (dite loi \u00ab Informatique et Libert\u00e9s \u00bb). Vous disposez d&rsquo;un droit d&rsquo;acc\u00e8s, de modification, de rectification et de suppression des donn\u00e9es qui vous concernent. Pour exercer ce droit d&rsquo;acc\u00e8s, adressez-vous \u00e0 la SASU Cube situ\u00e9e au (en cours ). H\u00e9bergement :Le site web est h\u00e9berg\u00e9 par Hetzner, accessible sur www. hetzner.com. Copyright :L&rsquo;int\u00e9gralit\u00e9 du contenu diffus\u00e9 sur la plateforme Cube.top, ainsi que sur ses propres domaines, est int\u00e9gralement propri\u00e9t\u00e9 de la SAS Cube. Si vous avez des questions suppl\u00e9mentaires ou souhaitez plus d&rsquo;informations sur notre politique de confidentialit\u00e9, n&rsquo;h\u00e9sitez pas \u00e0 nous contacter par e-mail \u00e0 hello@cube.top<\/p>","protected":false},"author":1,"featured_media":0,"parent":0,"menu_order":0,"comment_status":"closed","ping_status":"closed","template":"","meta":{"footnotes":""},"class_list":["post-2031","page","type-page","status-publish","hentry"],"_links":{"self":[{"href":"https:\/\/cube.top\/en\/wp-json\/wp\/v2\/pages\/2031","targetHints":{"allow":["GET"]}}],"collection":[{"href":"https:\/\/cube.top\/en\/wp-json\/wp\/v2\/pages"}],"about":[{"href":"https:\/\/cube.top\/en\/wp-json\/wp\/v2\/types\/page"}],"author":[{"embeddable":true,"href":"https:\/\/cube.top\/en\/wp-json\/wp\/v2\/users\/1"}],"replies":[{"embeddable":true,"href":"https:\/\/cube.top\/en\/wp-json\/wp\/v2\/comments?post=2031"}],"version-history":[{"count":25,"href":"https:\/\/cube.top\/en\/wp-json\/wp\/v2\/pages\/2031\/revisions"}],"predecessor-version":[{"id":3003,"href":"https:\/\/cube.top\/en\/wp-json\/wp\/v2\/pages\/2031\/revisions\/3003"}],"wp:attachment":[{"href":"https:\/\/cube.top\/en\/wp-json\/wp\/v2\/media?parent=2031"}],"curies":[{"name":"wp","href":"https:\/\/api.w.org\/{rel}","templated":true}]}}